{"id":536,"date":"2015-03-26T02:18:24","date_gmt":"2015-03-26T02:18:24","guid":{"rendered":"http:\/\/razonartificial.com\/themes\/reason-wp\/?page_id=536"},"modified":"2020-06-25T10:15:45","modified_gmt":"2020-06-25T10:15:45","slug":"testimonials","status":"publish","type":"page","link":"https:\/\/innovative8.uk.com\/wp1\/?page_id=536","title":{"rendered":"Testimonials"},"content":{"rendered":"<div class=\"container\">\n<div class=\"row\">\n<div class=\"col-md-6\">\n<blockquote class=\"blockquote-big\"><p>We are extremely happy to be working with ALFATEC Group and with the solutions they offered to us. Using the DWEM Hospitality service has enabled us to automate our business processes, e.g. price comparison automation, through the delivery of personalised reports.<\/p>\n<footer>Lea Konjevi\u0107, Marketing Director, Plava Laguna d.d.<\/footer>\n<\/blockquote>\n<\/div>\n<div class=\"col-md-6\">\n<blockquote class=\"blockquote-big blockquote-reverse\"><p>Infosit automated our workflow so we could give more attention to the most important factor &#8211; guest satisfaction.<\/p>\n<footer>Ornela, Camp officer, Valamar<\/footer>\n<\/blockquote>\n<\/div>\n<\/div>\n<div class=\"row\">\n<div class=\"col-md-12\">\n<blockquote class=\"blockquote-color-bg-primary\"><p>You made it so simple. The Guide For You app is so easy to work with. Saves me<br \/>\ntime and effort.<\/p>\n<footer>Mladen \u0160tefan\u010di\u0107, MAAS SAVE j.d.o.o<\/footer>\n<\/blockquote>\n<\/div>\n<\/div>\n<div class=\"row\">\n<div class=\"col-md-4\">\n<!--\n\n\n<blockquote class=\"blockquote-big\">Lorem ipsum dolor sit amet, consectetur adipiscing elit. Integer posuere erat a ante nisi vel.\n\n\n\n<footer>Someone famous in <cite title=\"Source Title\">Source Title<\/cite><\/footer>\n\n<\/blockquote>\n\n\n<\/div>\n\n\n\n\n<div class=\"col-md-4\">\n\n\n<blockquote class=\"blockquote-big blockquote-reverse\">Lorem ipsum dolor sit amet, consectetur adipiscing elit. Integer posuere erat a ante ultricies nisi vel.\n\n\n\n<footer>Someone famous in <cite title=\"Source Title\">Source Title<\/cite><\/footer>\n\n<\/blockquote>\n\n\n<\/div>\n\n\n\n\n<div class=\"col-md-4\">\n\n\n<blockquote class=\"blockquote-big blockquote-reverse\">Lorem ipsum dolor sit amet, consectetur adipiscing elit. Integer posuere erat a ante ultricies.\n\n\n\n<footer>Someone famous in <cite title=\"Source Title\">Source Title<\/cite><\/footer>\n\n<\/blockquote>\n\n\n<\/div>\n\n\n<\/div>\n\n\n\n\n<div class=\"row\">\n\n\n<div class=\"col-md-12\">\n\n\n<blockquote class=\"blockquote-color-bg-dark\">Lorem ipsum dolor sit amet, consectetur adipiscing elit. Integer sodales sagittis magna. consectetur adipiscing elit sed consequat, leo eget bibendum sodales posuere erat a ante ultricies nisi vel augue quam semper libero.\n\n\n\n<footer>Someone famous in <cite title=\"Source Title\">Source Title<\/cite><\/footer>\n\n<\/blockquote>\n\n\n<\/div>\n\n\n<\/div>\n\n\n\n\n<div class=\"row\">\n\n\n<div class=\"col-md-6\">\n\n\n<blockquote class=\"blockquote-big\">Lorem ipsum dolor sit amet, consectetur adipiscing elit. Integer posuere erat a ante nisi vel augue quam semper libero.\n\n\n\n<footer>Someone famous in <cite title=\"Source Title\">Source Title<\/cite><\/footer>\n\n<\/blockquote>\n\n\n<\/div>\n\n\n\n\n<div class=\"col-md-6\">\n\n\n<blockquote class=\"blockquote-big blockquote-reverse\">Lorem ipsum dolor sit amet, consectetur adipiscing elit. Integer posuere erat a ante ultricies nisi vel augue quam semper libero.\n\n\n\n<footer>Someone famous in <cite title=\"Source Title\">Source Title<\/cite><\/footer>\n\n<\/blockquote>\n\n\n<\/div>\n\n\n<\/div>\n\n\n\n\n<div class=\"row\">\n\n\n<div class=\"col-md-12\">\n\n\n<blockquote class=\"blockquote-color-bg-light\">Lorem ipsum dolor sit amet, consectetur adipiscing elit. Integer sodales sagittis magna. consectetur adipiscing elit sed consequat, leo eget bibendum sodales posuere erat a ante ultricies nisi vel augue quam semper libero.\n\n\n\n<footer>Someone famous in <cite title=\"Source Title\">Source Title<\/cite><\/footer>\n\n<\/blockquote>\n\n\n<\/div>\n\n\n<\/div>\n\n\n<\/div>\n\n\n--><br \/>\n<!-- container --><\/p>\n<\/div>\n<\/div>\n<\/div>\n","protected":false},"excerpt":{"rendered":"<p>We are extremely happy to be working with ALFATEC Group and with the solutions they offered to us. Using the DWEM Hospitality service has enabled us to automate our business processes, e.g. price comparison automation, through the delivery of personalised reports. Lea Konjevi\u0107, Marketing Director, Plava Laguna d.d. Infosit automated our workflow so we could give more attention to the most important factor &#8211; guest satisfaction. Ornela, Camp officer, Valamar You made it so simple. The Guide For You app is so easy to work with. Saves me time and effort. Mladen \u0160tefan\u010di\u0107, MAAS SAVE j.d.o.o<\/p>\n","protected":false},"author":1,"featured_media":2287,"parent":0,"menu_order":0,"comment_status":"open","ping_status":"closed","template":"page-without-format.php","meta":{"footnotes":""},"class_list":["post-536","page","type-page","status-publish","has-post-thumbnail","hentry"],"_links":{"self":[{"href":"https:\/\/innovative8.uk.com\/wp1\/index.php?rest_route=\/wp\/v2\/pages\/536","targetHints":{"allow":["GET"]}}],"collection":[{"href":"https:\/\/innovative8.uk.com\/wp1\/index.php?rest_route=\/wp\/v2\/pages"}],"about":[{"href":"https:\/\/innovative8.uk.com\/wp1\/index.php?rest_route=\/wp\/v2\/types\/page"}],"author":[{"embeddable":true,"href":"https:\/\/innovative8.uk.com\/wp1\/index.php?rest_route=\/wp\/v2\/users\/1"}],"replies":[{"embeddable":true,"href":"https:\/\/innovative8.uk.com\/wp1\/index.php?rest_route=%2Fwp%2Fv2%2Fcomments&post=536"}],"version-history":[{"count":4,"href":"https:\/\/innovative8.uk.com\/wp1\/index.php?rest_route=\/wp\/v2\/pages\/536\/revisions"}],"predecessor-version":[{"id":1505,"href":"https:\/\/innovative8.uk.com\/wp1\/index.php?rest_route=\/wp\/v2\/pages\/536\/revisions\/1505"}],"wp:featuredmedia":[{"embeddable":true,"href":"https:\/\/innovative8.uk.com\/wp1\/index.php?rest_route=\/wp\/v2\/media\/2287"}],"wp:attachment":[{"href":"https:\/\/innovative8.uk.com\/wp1\/index.php?rest_route=%2Fwp%2Fv2%2Fmedia&parent=536"}],"curies":[{"name":"wp","href":"https:\/\/api.w.org\/{rel}","templated":true}]}}