{"id":493,"date":"2015-03-26T01:22:16","date_gmt":"2015-03-26T01:22:16","guid":{"rendered":"http:\/\/razonartificial.com\/themes\/reason-wp\/?page_id=493"},"modified":"2020-06-25T10:14:33","modified_gmt":"2020-06-25T10:14:33","slug":"our-team","status":"publish","type":"page","link":"https:\/\/innovative8.uk.com\/wp1\/?page_id=493","title":{"rendered":"Our Team"},"content":{"rendered":"<div class=\"container\">\n<div class=\"row\">\n<div class=\"col-md-6\">\n<section>\n<div class=\"panel panel-default  animated fadeInDown animation-delay-8\">\n<div class=\"panel-body\">\n<h3 class=\"section-title no-margin-top\">Emil Peri\u0107 <small class=\"pull-right\">CEO<\/small><\/h3>\n<p><img decoding=\"async\" class=\"alignleft imageborder\" src=\"https:\/\/innovative8.uk.com\/wp1\/wp-content\/uploads\/2020\/03\/wp_emil_pericBW.jpg\" alt=\"\"><\/p>\n<p class=\"no-margin-top\">Emil has a degree in Information Sciences and has spent his career immersed in digital processes within organisations.<\/p>\n<p class=\"no-margin-top\">His 20 years of experience in the information and technology sector brings valuable insights to how to create new value and business models.<\/p>\n<p>Emil is an expert in organisation management and transforming organisations with digital technologies.<\/p>\n<div class=\"clearfix\"><\/div>\n<p><!-- <a href=\"#\" class=\"social-icon-ar sm twitter animated fadeInDown\"><i class=\"fa fa-twitter\"><\/i><\/a> --><br \/>\n<!-- <a href=\"#\" class=\"social-icon-ar sm google-plus animated fadeInDown\"><i class=\"fa fa-google-plus\"><\/i><\/a> --><br \/>\n<!-- <a href=\"#\" class=\"social-icon-ar sm facebook animated fadeInDown\"><i class=\"fa fa-facebook\"><\/i><\/a> --><br \/>\n<!-- <a href=\"#\" class=\"social-icon-ar sm instagram animated fadeInDown\"><i class=\"fa fa-instagram\"><\/i><\/a> --><br \/>\n<!-- <a href=\"#\" class=\"social-icon-ar sm pinterest animated fadeInDown\"><i class=\"fa fa-pinterest\"><\/i><\/a> --><br \/>\n<i class=\"fa fa-linkedin\"><\/i><br \/>\n<i class=\"fa fa-github\"><\/i><\/p>\n<\/div>\n<\/div>\n<\/section>\n<\/div>\n<div class=\"col-md-6\">\n<section>\n<div class=\"panel panel-default  animated fadeInDown animation-delay-18\">\n<div class=\"panel-body\">\n<h3 class=\"section-title no-margin-top\">Miro Vi\u0161i\u0107 <small class=\"pull-right\">Solution Manager &#8211; smart enterprise<\/small><\/h3>\n<div class=\"clearfix\"><\/div>\n<div class=\"clearfix\"><\/div>\n<p><img decoding=\"async\" class=\"alignleft imageborder\" src=\"https:\/\/innovative8.uk.com\/wp1\/wp-content\/uploads\/2020\/03\/wp_miro_visicBW2.jpg\" alt=\"\"><\/p>\n<p class=\"no-margin-top\">Miro Visic is the owner and CEO of Info Novitas Ltd He has 15 years of experience in the IT sector in various leadership positions. Miro has significant experience in the following areas:&nbsp; &nbsp; &nbsp; &nbsp; &nbsp; &nbsp; &nbsp; &nbsp; &nbsp; &nbsp; &nbsp; &nbsp; &nbsp; Digital Transformation &amp; ICT Consulting; Software consulting for: ECM, CRM, DMS, BPM, ITSM; Project Management (managing large projects); Personal Data Protection Consulting; Software Product development; Business process analyst; Strategic IT management &amp; Consulting.<\/p>\n<div class=\"clearfix\"><\/div>\n<p><!-- <a href=\"#\" class=\"social-icon-ar sm twitter animated fadeInDown\"><i class=\"fa fa-twitter\"><\/i><\/a>\n<a href=\"#\" class=\"social-icon-ar sm google-plus animated fadeInDown\"><i class=\"fa fa-google-plus\"><\/i><\/a>\n<a href=\"#\" class=\"social-icon-ar sm facebook animated fadeInDown\"><i class=\"fa fa-facebook\"><\/i><\/a>\n<a href=\"#\" class=\"social-icon-ar sm instagram animated fadeInDown\"><i class=\"fa fa-instagram\"><\/i><\/a>\n<a href=\"#\" class=\"social-icon-ar sm pinterest animated fadeInDown\"><i class=\"fa fa-pinterest\"><\/i><\/a>--><br \/>\n<i class=\"fa fa-linkedin\"><\/i><br \/>\n<i class=\"fa fa-github\"><\/i><\/p>\n<\/div>\n<\/div>\n<\/section>\n<\/div>\n<div class=\"col-md-6\">\n<section>\n<div class=\"panel panel-default  animated fadeInDown animation-delay-14\">\n<div class=\"panel-body\">\n<h3 class=\"section-title no-margin-top\">Ivan Va\u0111i\u0107<small class=\"pull-right\">Solution Manager &#8211; Manufacturing <\/small><small class=\"pull-right\">and Engineering Services<br \/>\n<\/small><\/h3>\n<div class=\"clearfix\"><\/div>\n<div class=\"clearfix\"><\/div>\n<p><img decoding=\"async\" class=\"alignleft imageborder\" src=\"https:\/\/innovative8.uk.com\/wp1\/wp-content\/uploads\/2020\/03\/wp_ivan_vadjic.jpg\" alt=\"\"><\/p>\n<p class=\"no-margin-top\">Ivan is a seasoned financial analyst and controlling manager turned entrepreneur. He co-founded the consulting and business application development company Decodio, together with his partner Goran Kliska back in 2011. With ten years experience in the field, Ivan primarily focused on business development and project management. He held a lead role in numerous successful enterprise resource planning (ERP) projects with emphasis on business process management.<\/p>\n<div class=\"clearfix\"><\/div>\n<p><!-- <a href=\"#\" class=\"social-icon-ar sm twitter animated fadeInDown\"><i class=\"fa fa-twitter\"><\/i><\/a>\n<a href=\"#\" class=\"social-icon-ar sm google-plus animated fadeInDown\"><i class=\"fa fa-google-plus\"><\/i><\/a>\n<a href=\"#\" class=\"social-icon-ar sm facebook animated fadeInDown\"><i class=\"fa fa-facebook\"><\/i><\/a>\n<a href=\"#\" class=\"social-icon-ar sm instagram animated fadeInDown\"><i class=\"fa fa-instagram\"><\/i><\/a>\n<a href=\"#\" class=\"social-icon-ar sm pinterest animated fadeInDown\"><i class=\"fa fa-pinterest\"><\/i><\/a> --><br \/>\n<i class=\"fa fa-linkedin\"><\/i><br \/>\n<i class=\"fa fa-github\"><\/i><\/p>\n<\/div>\n<\/div>\n<\/section>\n<\/div>\n<div class=\"col-md-6\">\n<section>\n<div class=\"panel panel-default  animated fadeInDown animation-delay-14\">\n<div class=\"panel-body\">\n<h3 class=\"section-title no-margin-top\">Tomislav Peras <small class=\"pull-right\">Solution manager &#8211; Retail<\/small><\/h3>\n<div class=\"clearfix\"><\/div>\n<div class=\"clearfix\"><\/div>\n<p><img decoding=\"async\" class=\"alignleft imageborder\" src=\"https:\/\/innovative8.uk.com\/wp1\/wp-content\/uploads\/2020\/03\/wp_tomislav_perasBW.jpg\" alt=\"\"><\/p>\n<p class=\"no-margin-top\">Head of Sales and Marketing at PIS d.o.o. For the last ten years Tomislav has led offices, sales and marketing while providing technical consulting to domestic and foreign companies covering various fields of the industry, from mechanical engineering, electrical engineering, and automation to IT. After completing his studies in Production engineering at the Faculty of Mechanical Engineering and Naval Architecture in Zagreb, he enrolled in the EMBA at Cotrugli Business School.<\/p>\n<div class=\"clearfix\"><\/div>\n<p><!-- <a href=\"#\" class=\"social-icon-ar sm twitter animated fadeInDown\"><i class=\"fa fa-twitter\"><\/i><\/a>\n<a href=\"#\" class=\"social-icon-ar sm google-plus animated fadeInDown\"><i class=\"fa fa-google-plus\"><\/i><\/a>\n<a href=\"#\" class=\"social-icon-ar sm facebook animated fadeInDown\"><i class=\"fa fa-facebook\"><\/i><\/a>\n<a href=\"#\" class=\"social-icon-ar sm instagram animated fadeInDown\"><i class=\"fa fa-instagram\"><\/i><\/a>\n<a href=\"#\" class=\"social-icon-ar sm pinterest animated fadeInDown\"><i class=\"fa fa-pinterest\"><\/i><\/a> --><br \/>\n<i class=\"fa fa-linkedin\"><\/i><br \/>\n<i class=\"fa fa-github\"><\/i><\/p>\n<\/div>\n<\/div>\n<\/section>\n<\/div>\n<div class=\"col-md-6\">\n<section>\n<div class=\"panel panel-default  animated fadeInDown animation-delay-17\">\n<div class=\"panel-body\">\n<h3 class=\"section-title no-margin-top\">Boris \u0160kori\u0107 <small class=\"pull-right\">Solution manager &#8211; Hospitality<\/small><\/h3>\n<div class=\"clearfix\"><\/div>\n<div class=\"clearfix\"><\/div>\n<p><img decoding=\"async\" class=\"alignleft imageborder\" src=\"https:\/\/innovative8.uk.com\/wp1\/wp-content\/uploads\/2020\/03\/wp_boris_skoricBW-1.jpg\" alt=\"\"><\/p>\n<p class=\"no-margin-top\">Boris \u0160kori\u0107 is the director of business analytics and development at ALFATEC Group. Since 2006 he has focused on the analysis of structured and unstructured data using Data Warehouse\/Business Intelligence &amp; Big Data systems.<br \/>\nBoris is the creator of Alfatec\u2019s business and Big Data analytics brand, DWEM. His short-term business goals are oriented towards establishing a partner network and positioning DWEM within the European market, and in the long-term \u2013 on the global market.<\/p>\n<div class=\"clearfix\"><\/div>\n<p><!-- <a href=\"#\" class=\"social-icon-ar sm twitter animated fadeInDown\"><i class=\"fa fa-twitter\"><\/i><\/a>\n<a href=\"#\" class=\"social-icon-ar sm google-plus animated fadeInDown\"><i class=\"fa fa-google-plus\"><\/i><\/a>\n<a href=\"#\" class=\"social-icon-ar sm facebook animated fadeInDown\"><i class=\"fa fa-facebook\"><\/i><\/a>\n<a href=\"#\" class=\"social-icon-ar sm instagram animated fadeInDown\"><i class=\"fa fa-instagram\"><\/i><\/a>\n<a href=\"#\" class=\"social-icon-ar sm pinterest animated fadeInDown\"><i class=\"fa fa-pinterest\"><\/i><\/a>--><br \/>\n<i class=\"fa fa-linkedin\"><\/i><br \/>\n<i class=\"fa fa-github\"><\/i><\/p>\n<\/div>\n<\/div>\n<\/section>\n<\/div>\n<div class=\"col-md-6\">\n<section>\n<div class=\"panel panel-default  animated fadeInDown animation-delay-18\">\n<div class=\"panel-body\">\n<h3 class=\"section-title no-margin-top\">Mario Levani\u0107 <small class=\"pull-right\">Solution Manager &#8211; Hospitality<\/small><\/h3>\n<div class=\"clearfix\"><\/div>\n<div class=\"clearfix\"><\/div>\n<p><img decoding=\"async\" class=\"alignleft imageborder\" src=\"https:\/\/innovative8.uk.com\/wp1\/wp-content\/uploads\/2020\/03\/wp_mario_levanic2.jpg\" alt=\"\"><\/p>\n<p class=\"no-margin-top\">Mario is the co-founder and CEO of Infomatika Fortuno. He worked as a senior developer for 10 years in a retail company that grew from medium to large scale before starting his own software development company. Through the years he has worked on large scale projects in the retail, manufacturing and hospitality sectors.<\/p>\n<div class=\"clearfix\"><\/div>\n<p><!-- <a href=\"#\" class=\"social-icon-ar sm twitter animated fadeInDown\"><i class=\"fa fa-twitter\"><\/i><\/a>\n<a href=\"#\" class=\"social-icon-ar sm google-plus animated fadeInDown\"><i class=\"fa fa-google-plus\"><\/i><\/a>\n<a href=\"#\" class=\"social-icon-ar sm facebook animated fadeInDown\"><i class=\"fa fa-facebook\"><\/i><\/a>\n<a href=\"#\" class=\"social-icon-ar sm instagram animated fadeInDown\"><i class=\"fa fa-instagram\"><\/i><\/a>\n<a href=\"#\" class=\"social-icon-ar sm pinterest animated fadeInDown\"><i class=\"fa fa-pinterest\"><\/i><\/a>--><br \/>\n<i class=\"fa fa-linkedin\"><\/i><br \/>\n<i class=\"fa fa-github\"><\/i><\/p>\n<\/div>\n<\/div>\n<\/section>\n<\/div>\n<div class=\"col-md-6\">\n<section>\n<div class=\"panel panel-default  animated fadeInDown animation-delay-11\">\n<div class=\"panel-body\">\n<h3 class=\"section-title no-margin-top\">Ella Hiti <small class=\"pull-right\">Marketing and business development<\/small><\/h3>\n<div class=\"clearfix\"><\/div>\n<div class=\"clearfix\"><\/div>\n<p><img decoding=\"async\" class=\"alignleft imageborder\" src=\"https:\/\/innovative8.uk.com\/wp1\/wp-content\/uploads\/2020\/03\/wp_ella.jpg\" alt=\"\"><\/p>\n<p class=\"no-margin-top\">Ella grew up in the UK and has degrees in graphic design and psychology. Some of her previous roles were in media, advertising, learning and development, and sales. Through working extensively with new-business development teams in the UK, Ella has developed skills in collaborating with client and sales teams, identifying and understanding client needs, marketing processes, as well as working with and supporting CEOs and directors.<\/p>\n<div class=\"clearfix\"><\/div>\n<p><!-- <a href=\"#\" class=\"social-icon-ar sm twitter animated fadeInDown\"><i class=\"fa fa-twitter\"><\/i><\/a>\n<a href=\"#\" class=\"social-icon-ar sm google-plus animated fadeInDown\"><i class=\"fa fa-google-plus\"><\/i><\/a>\n<a href=\"#\" class=\"social-icon-ar sm facebook animated fadeInDown\"><i class=\"fa fa-facebook\"><\/i><\/a>\n<a href=\"#\" class=\"social-icon-ar sm instagram animated fadeInDown\"><i class=\"fa fa-instagram\"><\/i><\/a>\n<a href=\"#\" class=\"social-icon-ar sm pinterest animated fadeInDown\"><i class=\"fa fa-pinterest\"><\/i><\/a> --><br \/>\n<i class=\"fa fa-linkedin\"><\/i><br \/>\n<i class=\"fa fa-github\"><\/i><\/p>\n<\/div>\n<\/div>\n<\/section>\n<\/div>\n<\/div>\n<\/div>\n<p><!-- container --><\/p>\n","protected":false},"excerpt":{"rendered":"<p>Emil Peri\u0107 CEO Emil has a degree in Information Sciences and has spent his career immersed in digital processes within organisations. His 20 years of experience in the information and technology sector brings valuable insights to how to create new value and business models. Emil is an expert in organisation management and transforming organisations with digital technologies. Miro Vi\u0161i\u0107 Solution Manager &#8211; smart enterprise Miro Visic is the owner and CEO of Info Novitas Ltd He has 15 years of experience in the IT sector in various leadership positions. Miro has significant experience in the following areas:&nbsp; &nbsp; &nbsp; &nbsp; &nbsp; &nbsp; &nbsp; &nbsp; &nbsp; &nbsp; &nbsp; &nbsp; &nbsp; Digital Transformation &amp; ICT Consulting; Software consulting for: ECM, CRM, DMS, BPM, ITSM; Project Management (managing large projects); Personal Data Protection Consulting; Software Product development; Business process analyst; Strategic IT management &amp; Consulting. Ivan Va\u0111i\u0107Solution Manager &#8211; Manufacturing and Engineering Services Ivan is a seasoned financial analyst and controlling manager turned entrepreneur. He co-founded the consulting and business application development company Decodio, together with his partner Goran Kliska back in 2011. With ten years experience in the field, Ivan primarily focused on business development and project management. He held a lead role in numerous successful enterprise resource planning (ERP) projects with emphasis on business process management. Tomislav Peras Solution manager &#8211; Retail Head of Sales and Marketing at PIS d.o.o. For the last ten years Tomislav has led offices, sales and marketing while providing technical consulting to domestic and foreign companies covering various fields of the industry, from mechanical engineering, electrical engineering, and automation to IT. After completing his studies in Production engineering at the Faculty of Mechanical Engineering and Naval Architecture in Zagreb, he enrolled in the EMBA at Cotrugli Business School. Boris \u0160kori\u0107 Solution manager &#8211; Hospitality Boris \u0160kori\u0107 is the director of business analytics and development at ALFATEC Group. Since 2006 he has focused on the analysis of structured and unstructured data using Data Warehouse\/Business Intelligence &amp; Big Data systems. Boris is the creator of Alfatec\u2019s business and Big Data analytics brand, DWEM. His short-term business goals are oriented towards establishing a partner network and positioning DWEM within the European market, and in the long-term \u2013 on the global market. Mario Levani\u0107 Solution Manager &#8211; Hospitality Mario is the co-founder and CEO of Infomatika Fortuno. He worked as a senior developer for 10 years in a retail company that grew from medium to large scale before starting his own software development company. Through the years he has worked on large scale projects in the retail, manufacturing and hospitality sectors. Ella Hiti Marketing and business development Ella grew up in the UK and has degrees in graphic design and psychology. Some of her previous roles were in media, advertising, learning and development, and sales. Through working extensively with new-business development teams in the UK, Ella has developed skills in collaborating with client and sales teams, identifying and understanding client needs, marketing processes, as well as working with and supporting [&hellip;]<\/p>\n","protected":false},"author":1,"featured_media":2286,"parent":0,"menu_order":0,"comment_status":"open","ping_status":"closed","template":"page-without-format.php","meta":{"footnotes":""},"class_list":["post-493","page","type-page","status-publish","has-post-thumbnail","hentry"],"_links":{"self":[{"href":"https:\/\/innovative8.uk.com\/wp1\/index.php?rest_route=\/wp\/v2\/pages\/493","targetHints":{"allow":["GET"]}}],"collection":[{"href":"https:\/\/innovative8.uk.com\/wp1\/index.php?rest_route=\/wp\/v2\/pages"}],"about":[{"href":"https:\/\/innovative8.uk.com\/wp1\/index.php?rest_route=\/wp\/v2\/types\/page"}],"author":[{"embeddable":true,"href":"https:\/\/innovative8.uk.com\/wp1\/index.php?rest_route=\/wp\/v2\/users\/1"}],"replies":[{"embeddable":true,"href":"https:\/\/innovative8.uk.com\/wp1\/index.php?rest_route=%2Fwp%2Fv2%2Fcomments&post=493"}],"version-history":[{"count":72,"href":"https:\/\/innovative8.uk.com\/wp1\/index.php?rest_route=\/wp\/v2\/pages\/493\/revisions"}],"predecessor-version":[{"id":1751,"href":"https:\/\/innovative8.uk.com\/wp1\/index.php?rest_route=\/wp\/v2\/pages\/493\/revisions\/1751"}],"wp:featuredmedia":[{"embeddable":true,"href":"https:\/\/innovative8.uk.com\/wp1\/index.php?rest_route=\/wp\/v2\/media\/2286"}],"wp:attachment":[{"href":"https:\/\/innovative8.uk.com\/wp1\/index.php?rest_route=%2Fwp%2Fv2%2Fmedia&parent=493"}],"curies":[{"name":"wp","href":"https:\/\/api.w.org\/{rel}","templated":true}]}}